{"id":206324,"date":"2018-05-31T10:49:45","date_gmt":"2018-05-31T14:49:45","guid":{"rendered":"https:\/\/mariage-sud.com\/?page_id=206324"},"modified":"2023-11-06T07:06:24","modified_gmt":"2023-11-06T11:06:24","slug":"become-outside-travel-agent","status":"publish","type":"page","link":"https:\/\/mariage-sud.com\/en\/become-outside-travel-agent\/","title":{"rendered":"Become outside travel agent"},"content":{"rendered":"<p>[et_pb_section fb_built=&#8221;1&#8243; fullwidth=&#8221;on&#8221; _builder_version=&#8221;4.16&#8243; transparent_background=&#8221;off&#8221; make_fullwidth=&#8221;off&#8221; use_custom_width=&#8221;off&#8221; width_unit=&#8221;on&#8221; global_colors_info=&#8221;{}&#8221;][et_pb_fullwidth_header title=&#8221;Outside travel agent canada&#8221; subhead=&#8221;Travel agent at home&#8221; text_orientation=&#8221;center&#8221; _builder_version=&#8221;4.16&#8243; title_font_size=&#8221;46px&#8221; background_color=&#8221;rgba(255,255,255,0.6)&#8221; background_image=&#8221;https:\/\/mariage-sud.com\/wp-content\/uploads\/2017\/03\/bgrd-cta3.jpg&#8221; background_layout=&#8221;light&#8221; max_width_tablet=&#8221;50px&#8221; custom_css_main_element=&#8221;padding-top: 16%;||padding-bottom: 0%;&#8221; custom_css_header_container=&#8221; background-color: rgba(255,255,255,0.6);||width:100%;||max-width:100%;||||&#8221; custom_css_title=&#8221;font-weight:200;||&#8221; saved_tabs=&#8221;all&#8221; global_colors_info=&#8221;{}&#8221; button_one_text_size__hover_enabled=&#8221;off&#8221; button_two_text_size__hover_enabled=&#8221;off&#8221; button_one_text_color__hover_enabled=&#8221;off&#8221; button_two_text_color__hover_enabled=&#8221;off&#8221; button_one_border_width__hover_enabled=&#8221;off&#8221; button_two_border_width__hover_enabled=&#8221;off&#8221; button_one_border_color__hover_enabled=&#8221;off&#8221; button_two_border_color__hover_enabled=&#8221;off&#8221; button_one_border_radius__hover_enabled=&#8221;off&#8221; button_two_border_radius__hover_enabled=&#8221;off&#8221; button_one_letter_spacing__hover_enabled=&#8221;off&#8221; button_two_letter_spacing__hover_enabled=&#8221;off&#8221; button_one_bg_color__hover_enabled=&#8221;off&#8221; button_two_bg_color__hover_enabled=&#8221;off&#8221;][\/et_pb_fullwidth_header][\/et_pb_section][et_pb_section fb_built=&#8221;1&#8243; _builder_version=&#8221;4.16&#8243; transparent_background=&#8221;off&#8221; make_fullwidth=&#8221;off&#8221; use_custom_width=&#8221;off&#8221; width_unit=&#8221;off&#8221; custom_width_percent=&#8221;75%&#8221; global_colors_info=&#8221;{}&#8221;][et_pb_row _builder_version=&#8221;4.16&#8243; background_size=&#8221;initial&#8221; background_position=&#8221;top_left&#8221; background_repeat=&#8221;repeat&#8221; width=&#8221;75%&#8221; max_width=&#8221;75%&#8221; make_fullwidth=&#8221;off&#8221; use_custom_width=&#8221;on&#8221; width_unit=&#8221;off&#8221; custom_width_percent=&#8221;75%&#8221; global_colors_info=&#8221;{}&#8221; column_structure=&#8221;1_3,2_3&#8243;][et_pb_column type=&#8221;1_3&#8243; _builder_version=&#8221;4.16&#8243; background_color=&#8221;#ff4e50&#8243; custom_padding=&#8221;1%|1%|1%|1%&#8221; global_colors_info=&#8221;{}&#8221; custom_padding__hover=&#8221;|||&#8221;][et_pb_text _builder_version=&#8221;4.16&#8243; text_font_size=&#8221;16&#8243; text_line_height=&#8221;1.9em&#8221; background_color=&#8221;#ff4e50&#8243; background_size=&#8221;initial&#8221; background_position=&#8221;top_left&#8221; background_repeat=&#8221;repeat&#8221; background_layout=&#8221;dark&#8221; custom_margin=&#8221;||0px|&#8221; custom_padding=&#8221;2%|5%|0px|5%&#8221; use_border_color=&#8221;off&#8221; border_color=&#8221;#ffffff&#8221; border_style=&#8221;solid&#8221; global_colors_info=&#8221;{}&#8221;]<\/p>\n<h3 style=\"text-align: left;\">Joignez-vous \u00e0 notre \u00e9quipe !<\/h3>\n<p>Si vous avez l&#8217;exp\u00e9rience et d\u00e9sirez faire parti de notre \u00e9quipe, transmettez-nous votre Cv et vos r\u00e9f\u00e9rence \u00e0 info@mariagesud.com<br \/>\n[\/et_pb_text][et_pb_sidebar orientation=&#8221;right&#8221; area=&#8221;sidebar-1&#8243; show_border=&#8221;off&#8221; _builder_version=&#8221;4.16&#8243; header_font=&#8221;|on|on||&#8221; header_font_size=&#8221;20&#8243; header_line_height=&#8221;2em&#8221; background_layout=&#8221;dark&#8221; custom_css_main_element=&#8221;padding:8%;&#8221; remove_border=&#8221;on&#8221; global_colors_info=&#8221;{}&#8221;][\/et_pb_sidebar][\/et_pb_column][et_pb_column type=&#8221;2_3&#8243; _builder_version=&#8221;4.16&#8243; custom_padding=&#8221;|||&#8221; global_colors_info=&#8221;{}&#8221; custom_padding__hover=&#8221;|||&#8221;][et_pb_text _builder_version=&#8221;4.16&#8243; text_font=&#8221;Poppins||||||||&#8221; text_font_size=&#8221;16px&#8221; text_line_height=&#8221;1.9em&#8221; background_color=&#8221;#ffffff&#8221; custom_padding=&#8221;3%|3%|3%|3%&#8221; use_border_color=&#8221;off&#8221; global_colors_info=&#8221;{}&#8221;]<\/p>\n<h3>You are passionate about travel and you like the customer relationship while enjoying being able to work from home?<\/h3>\n<p>&nbsp;<\/p>\n<h2><strong><span style=\"color: #37de85;\">Become an outside travel agent\u00a0! <\/span><\/strong><\/h2>\n<div>\n<p>Accompany our customers in the search for their dream trip and help them plan their vacations in the most beautiful destinations in the south of your country.<\/p>\n<p>For this, we offer a fast and effective online training that will allow you to simply master the keys of this exciting job in the field of tourism. Be independent and autonomous in the follow-up of your training, but also in the management of your schedule. The online courses are available at any time on our site, at any time of the year, which allows you to adapt your learning to your daily life and to move at your own pace. Several modules make up the entire course and end with questionnaires that will allow you to be evaluated as and when. Once the course is completed, you will obtain a certificate that allows you to start your new career in the field of travel.<\/p>\n<p>When you become an outside travel agent, you are free from your schedules and time that you can organize as you want. Work from where you want, from home or from abroad and choose your own number of hours. Link your passion to a real comfort of work from home and manage your professional life. You become an independent worker without being alone. By following the training and obtaining the certification of external travel agent, you benefit from personalized support and experience of our network, established for over 30 years in Quebec. Our company provides you with adapted tools, integrated IT solutions as well as the support and help of a resource person to accompany you throughout your career for a better insertion into your independent professional status.<\/p>\n<\/div>\n<p>[\/et_pb_text][\/et_pb_column][\/et_pb_row][\/et_pb_section]<\/p>\n","protected":false},"excerpt":{"rendered":"<p>Joignez-vous \u00e0 notre \u00e9quipe ! Si vous avez l&#8217;exp\u00e9rience et d\u00e9sirez faire parti de notre \u00e9quipe, transmettez-nous votre Cv et vos r\u00e9f\u00e9rence \u00e0 info@mariagesud.com You are passionate about travel and you like the customer relationship while enjoying being able to work from home? &nbsp; Become an outside travel agent\u00a0! Accompany our customers in the search [&hellip;]<\/p>\n","protected":false},"author":6,"featured_media":0,"parent":0,"menu_order":0,"comment_status":"closed","ping_status":"closed","template":"","meta":{"_et_pb_use_builder":"on","_et_pb_old_content":"","_et_gb_content_width":"","footnotes":""},"class_list":["post-206324","page","type-page","status-publish","hentry"],"yoast_head":"<!-- This site is optimized with the Yoast SEO Premium plugin v27.4 (Yoast SEO v27.4) - https:\/\/yoast.com\/product\/yoast-seo-premium-wordpress\/ -->\n<title>Become travel agent from home<\/title>\n<meta name=\"description\" content=\"Travel agent at home, become outside travel agent with blue sky destination weddings and honeymoons travel group and Fiesta travel deals\" \/>\n<meta name=\"robots\" content=\"index, follow, max-snippet:-1, max-image-preview:large, max-video-preview:-1\" \/>\n<link rel=\"canonical\" href=\"https:\/\/mariage-sud.com\/en\/become-outside-travel-agent\/\" \/>\n<meta property=\"og:locale\" content=\"en_US\" \/>\n<meta property=\"og:type\" content=\"article\" \/>\n<meta property=\"og:title\" content=\"Become outside travel agent\" \/>\n<meta property=\"og:description\" content=\"Travel agent at home, become outside travel agent with blue sky destination weddings and honeymoons travel group and Fiesta travel deals\" \/>\n<meta property=\"og:url\" content=\"https:\/\/mariage-sud.com\/en\/become-outside-travel-agent\/\" \/>\n<meta property=\"og:site_name\" content=\"[:fr]Mariage Sud agence de voyages[:en]South Wedding destination events travel agency\" \/>\n<meta property=\"article:publisher\" content=\"https:\/\/www.facebook.com\/Mariagesud\/\" \/>\n<meta property=\"article:modified_time\" content=\"2023-11-06T11:06:24+00:00\" \/>\n<meta name=\"twitter:card\" content=\"summary_large_image\" \/>\n<meta name=\"twitter:label1\" content=\"Est. reading time\" \/>\n\t<meta name=\"twitter:data1\" content=\"2 minutes\" \/>\n<script type=\"application\/ld+json\" class=\"yoast-schema-graph\">{\"@context\":\"https:\\\/\\\/schema.org\",\"@graph\":[{\"@type\":\"WebPage\",\"@id\":\"https:\\\/\\\/mariage-sud.com\\\/en\\\/become-outside-travel-agent\\\/\",\"url\":\"https:\\\/\\\/mariage-sud.com\\\/en\\\/become-outside-travel-agent\\\/\",\"name\":\"Become travel agent from home\",\"isPartOf\":{\"@id\":\"https:\\\/\\\/mariage-sud.com\\\/#website\"},\"datePublished\":\"2018-05-31T14:49:45+00:00\",\"dateModified\":\"2023-11-06T11:06:24+00:00\",\"description\":\"Travel agent at home, become outside travel agent with blue sky destination weddings and honeymoons travel group and Fiesta travel deals\",\"breadcrumb\":{\"@id\":\"https:\\\/\\\/mariage-sud.com\\\/en\\\/become-outside-travel-agent\\\/#breadcrumb\"},\"inLanguage\":\"en-US\",\"potentialAction\":[{\"@type\":\"ReadAction\",\"target\":[\"https:\\\/\\\/mariage-sud.com\\\/en\\\/become-outside-travel-agent\\\/\"]}]},{\"@type\":\"BreadcrumbList\",\"@id\":\"https:\\\/\\\/mariage-sud.com\\\/en\\\/become-outside-travel-agent\\\/#breadcrumb\",\"itemListElement\":[{\"@type\":\"ListItem\",\"position\":1,\"name\":\"Home\",\"item\":\"https:\\\/\\\/mariage-sud.com\\\/en\\\/\"},{\"@type\":\"ListItem\",\"position\":2,\"name\":\"Become outside travel agent\"}]},{\"@type\":\"WebSite\",\"@id\":\"https:\\\/\\\/mariage-sud.com\\\/#website\",\"url\":\"https:\\\/\\\/mariage-sud.com\\\/\",\"name\":\"[:fr]Mariage Sud agence de voyages[:en]South Wedding destination events travel agency\",\"description\":\"[:fr]Mariage Sud organisation de mariage dans le sud[:en]Destination weddings travel agency quebec\",\"publisher\":{\"@id\":\"https:\\\/\\\/mariage-sud.com\\\/#organization\"},\"alternateName\":\"Agence Mariage Sud\",\"potentialAction\":[{\"@type\":\"SearchAction\",\"target\":{\"@type\":\"EntryPoint\",\"urlTemplate\":\"https:\\\/\\\/mariage-sud.com\\\/?s={search_term_string}\"},\"query-input\":{\"@type\":\"PropertyValueSpecification\",\"valueRequired\":true,\"valueName\":\"search_term_string\"}}],\"inLanguage\":\"en-US\"},{\"@type\":\"Organization\",\"@id\":\"https:\\\/\\\/mariage-sud.com\\\/#organization\",\"name\":\"Mariage dans le sud\",\"alternateName\":\"Agence Mariage Sud\",\"url\":\"https:\\\/\\\/mariage-sud.com\\\/\",\"logo\":{\"@type\":\"ImageObject\",\"inLanguage\":\"en-US\",\"@id\":\"https:\\\/\\\/mariage-sud.com\\\/#\\\/schema\\\/logo\\\/image\\\/\",\"url\":\"https:\\\/\\\/mariage-sud.com\\\/wp-content\\\/uploads\\\/2018\\\/04\\\/LogoMariageSud_1000pxX360px_Clear.png\",\"contentUrl\":\"https:\\\/\\\/mariage-sud.com\\\/wp-content\\\/uploads\\\/2018\\\/04\\\/LogoMariageSud_1000pxX360px_Clear.png\",\"width\":1000,\"height\":360,\"caption\":\"Mariage dans le sud\"},\"image\":{\"@id\":\"https:\\\/\\\/mariage-sud.com\\\/#\\\/schema\\\/logo\\\/image\\\/\"},\"sameAs\":[\"https:\\\/\\\/www.facebook.com\\\/Mariagesud\\\/\"]}]}<\/script>\n<!-- \/ Yoast SEO Premium plugin. -->","yoast_head_json":{"title":"Become travel agent from home","description":"Travel agent at home, become outside travel agent with blue sky destination weddings and honeymoons travel group and Fiesta travel deals","robots":{"index":"index","follow":"follow","max-snippet":"max-snippet:-1","max-image-preview":"max-image-preview:large","max-video-preview":"max-video-preview:-1"},"canonical":"https:\/\/mariage-sud.com\/en\/become-outside-travel-agent\/","og_locale":"en_US","og_type":"article","og_title":"Become outside travel agent","og_description":"Travel agent at home, become outside travel agent with blue sky destination weddings and honeymoons travel group and Fiesta travel deals","og_url":"https:\/\/mariage-sud.com\/en\/become-outside-travel-agent\/","og_site_name":"[:fr]Mariage Sud agence de voyages[:en]South Wedding destination events travel agency","article_publisher":"https:\/\/www.facebook.com\/Mariagesud\/","article_modified_time":"2023-11-06T11:06:24+00:00","twitter_card":"summary_large_image","twitter_misc":{"Est. reading time":"2 minutes"},"schema":{"@context":"https:\/\/schema.org","@graph":[{"@type":"WebPage","@id":"https:\/\/mariage-sud.com\/en\/become-outside-travel-agent\/","url":"https:\/\/mariage-sud.com\/en\/become-outside-travel-agent\/","name":"Become travel agent from home","isPartOf":{"@id":"https:\/\/mariage-sud.com\/#website"},"datePublished":"2018-05-31T14:49:45+00:00","dateModified":"2023-11-06T11:06:24+00:00","description":"Travel agent at home, become outside travel agent with blue sky destination weddings and honeymoons travel group and Fiesta travel deals","breadcrumb":{"@id":"https:\/\/mariage-sud.com\/en\/become-outside-travel-agent\/#breadcrumb"},"inLanguage":"en-US","potentialAction":[{"@type":"ReadAction","target":["https:\/\/mariage-sud.com\/en\/become-outside-travel-agent\/"]}]},{"@type":"BreadcrumbList","@id":"https:\/\/mariage-sud.com\/en\/become-outside-travel-agent\/#breadcrumb","itemListElement":[{"@type":"ListItem","position":1,"name":"Home","item":"https:\/\/mariage-sud.com\/en\/"},{"@type":"ListItem","position":2,"name":"Become outside travel agent"}]},{"@type":"WebSite","@id":"https:\/\/mariage-sud.com\/#website","url":"https:\/\/mariage-sud.com\/","name":"[:fr]Mariage Sud agence de voyages[:en]South Wedding destination events travel agency","description":"[:fr]Mariage Sud organisation de mariage dans le sud[:en]Destination weddings travel agency quebec","publisher":{"@id":"https:\/\/mariage-sud.com\/#organization"},"alternateName":"Agence Mariage Sud","potentialAction":[{"@type":"SearchAction","target":{"@type":"EntryPoint","urlTemplate":"https:\/\/mariage-sud.com\/?s={search_term_string}"},"query-input":{"@type":"PropertyValueSpecification","valueRequired":true,"valueName":"search_term_string"}}],"inLanguage":"en-US"},{"@type":"Organization","@id":"https:\/\/mariage-sud.com\/#organization","name":"Mariage dans le sud","alternateName":"Agence Mariage Sud","url":"https:\/\/mariage-sud.com\/","logo":{"@type":"ImageObject","inLanguage":"en-US","@id":"https:\/\/mariage-sud.com\/#\/schema\/logo\/image\/","url":"https:\/\/mariage-sud.com\/wp-content\/uploads\/2018\/04\/LogoMariageSud_1000pxX360px_Clear.png","contentUrl":"https:\/\/mariage-sud.com\/wp-content\/uploads\/2018\/04\/LogoMariageSud_1000pxX360px_Clear.png","width":1000,"height":360,"caption":"Mariage dans le sud"},"image":{"@id":"https:\/\/mariage-sud.com\/#\/schema\/logo\/image\/"},"sameAs":["https:\/\/www.facebook.com\/Mariagesud\/"]}]}},"_links":{"self":[{"href":"https:\/\/mariage-sud.com\/en\/wp-json\/wp\/v2\/pages\/206324","targetHints":{"allow":["GET"]}}],"collection":[{"href":"https:\/\/mariage-sud.com\/en\/wp-json\/wp\/v2\/pages"}],"about":[{"href":"https:\/\/mariage-sud.com\/en\/wp-json\/wp\/v2\/types\/page"}],"author":[{"embeddable":true,"href":"https:\/\/mariage-sud.com\/en\/wp-json\/wp\/v2\/users\/6"}],"replies":[{"embeddable":true,"href":"https:\/\/mariage-sud.com\/en\/wp-json\/wp\/v2\/comments?post=206324"}],"version-history":[{"count":0,"href":"https:\/\/mariage-sud.com\/en\/wp-json\/wp\/v2\/pages\/206324\/revisions"}],"wp:attachment":[{"href":"https:\/\/mariage-sud.com\/en\/wp-json\/wp\/v2\/media?parent=206324"}],"curies":[{"name":"wp","href":"https:\/\/api.w.org\/{rel}","templated":true}]}}