{"id":207927,"date":"2018-03-05T00:36:14","date_gmt":"2018-03-05T00:36:14","guid":{"rendered":"https:\/\/mariage-sud.com\/resort-mariage-hindou\/"},"modified":"2018-09-03T15:18:40","modified_gmt":"2018-09-03T19:18:40","slug":"hindu-destination-wedding","status":"publish","type":"page","link":"https:\/\/mariage-sud.com\/en\/hindu-destination-wedding\/","title":{"rendered":"Shaadi destination Wedding Am Resort"},"content":{"rendered":"<p>[et_pb_section bb_built=&#8221;1&#8243; fullwidth=&#8221;on&#8221; specialty=&#8221;off&#8221; transparent_background=&#8221;off&#8221; allow_player_pause=&#8221;off&#8221; inner_shadow=&#8221;off&#8221; parallax=&#8221;off&#8221; parallax_method=&#8221;off&#8221; make_fullwidth=&#8221;off&#8221; use_custom_width=&#8221;off&#8221; width_unit=&#8221;on&#8221; make_equal=&#8221;off&#8221; use_custom_gutter=&#8221;off&#8221; next_background_color=&#8221;#000000&#8243; _builder_version=&#8221;3.10&#8243;][et_pb_fullwidth_header title=&#8221;Hindu Wedding Am resort Hotel&#8221; text_orientation=&#8221;center&#8221; parallax_method=&#8221;on&#8221; background_layout=&#8221;light&#8221; custom_css_main_element=&#8221;padding-top: 16%;||padding-bottom: 0%;&#8221; title_font_size=&#8221;46px&#8221; scroll_down_icon_size=&#8221;35px&#8221; custom_css_title=&#8221;font-weight:200;||&#8221; background_color=&#8221;rgba(255,255,255,0.6)&#8221; custom_css_header_container=&#8221; background-color: rgba(255,255,255,0.6);||width:100%;||max-width:100%;||||&#8221; saved_tabs=&#8221;all&#8221; background_image=&#8221;https:\/\/mariage-sud.com\/wp-content\/uploads\/2018\/09\/indian-destination-wedding.jpg&#8221; _builder_version=&#8221;3.10&#8243; subhead=&#8221;Dreams h\u00f4tel, Now h\u00f4tel, Secret h\u00f4tel&#8221; max_width_tablet=&#8221;50px&#8221; \/][\/et_pb_section][et_pb_section bb_built=&#8221;1&#8243; fullwidth=&#8221;off&#8221; specialty=&#8221;off&#8221; prev_background_color=&#8221;#000000&#8243; next_background_color=&#8221;#000000&#8243;][et_pb_row][et_pb_column type=&#8221;4_4&#8243;][et_pb_text background_color=&#8221;#ffffff&#8221; custom_padding=&#8221;3%|3%|3%|3%&#8221; _builder_version=&#8221;3.10&#8243; use_border_color=&#8221;off&#8221; text_font=&#8221;Poppins||||||||&#8221; box_shadow_style=&#8221;preset1&#8243;]<\/p>\n<h1><strong><span style=\"color: #37de85;\">Hindu Wedding at Am Resort Hotels<\/span><\/strong><\/h1>\n<p>&nbsp;<\/p>\n<p>The hotel chain <strong>AM Resorts<\/strong> offers you its Shaadi wedding package in its following hotels:<\/p>\n<p>&nbsp;<\/p>\n<ul>\n<li>Secrets Maroma Beach Riviera Cancun<\/li>\n<li>Riviera Cancun Resort and Spa<\/li>\n<li>Dreams Tulum Resort and Spa<\/li>\n<li>Now Sapphire Riviera Cancun<\/li>\n<\/ul>\n<p>&nbsp;<\/p>\n<p>The Shaadi package includes 6 days of events. For a 6-day event you need a minimum of 75 people.<\/p>\n<p>Here&#8217;s how your dream week will be in these participating hotels.<\/p>\n<p>&nbsp;<\/p>\n<p><strong>Day 1 (Afternoon Mehndi)<\/strong><\/p>\n<ul>\n<li>Special place for the bride (and guests if desired) with pillows and draperies.<\/li>\n<li>Tables covered in white linen with cocktails<\/li>\n<li>Delectable hors d&#8217;oeuvres<\/li>\n<li>Non-alcoholic beverage station. Including the cocktail created in the image of the couple.<\/li>\n<\/ul>\n<p>&nbsp;<\/p>\n<p><strong>Day 2 (Welcome Dinner \/ Sangeet \/ Garba)<\/strong><\/p>\n<ul>\n<li>A complete floor reserved and decorated with colored sheets for the couple.<\/li>\n<li>Station for three options entries<\/li>\n<li>Salad bar offering several types of cuisine if desired.<\/li>\n<li>Two choices of desserts.<\/li>\n<li>Tables and chairs covered with white linen.<\/li>\n<\/ul>\n<p>&nbsp;<\/p>\n<p><strong>Day 3 (Baraat)<\/strong><\/p>\n<ul>\n<li>Your destination wedding coordinator will be there to help you with the organization and the process.<\/li>\n<\/ul>\n<p>&nbsp;<\/p>\n<p><strong>Day 4 (Ceremony)<\/strong><\/p>\n<ul>\n<li>Decorated and colorful location.<\/li>\n<li>Tiffany style chairs for guests<\/li>\n<li>Choice of Tiffany style pillows for family members who will attend the ceremony.<\/li>\n<li>Cold beverage station for the ceremony.The shoes are not allowed during the ceremony, so there will be a place on the beach for the deposited.<\/li>\n<\/ul>\n<p>&nbsp;<\/p>\n<p><strong>Day 5 (Dinner &#8220;Post&#8221; ceremony)<\/strong><\/p>\n<ul>\n<li>Buffet serving a choice of 3 vegetarian dishes<\/li>\n<li>Cold beverage station<\/li>\n<li>Station of two choices of desserts<\/li>\n<li>Tables and chairs covered with white linen.<\/li>\n<\/ul>\n<p>&nbsp;<\/p>\n<p><strong>Day 6 (Reception and Dinner)<\/strong><\/p>\n<ul>\n<li>An intimate and colorful &#8220;Stage&#8221; for the married couple<\/li>\n<li>Colorful linen decorated tables and Tiffany style chairs.<\/li>\n<li>Full buffet and a salad bar. Cuisine prepared by a chef specializing in Indian cuisine.<\/li>\n<li>Private Bar with the service of a &#8220;Barman&#8221;.<\/li>\n<li>Dessert station and the wedding cake chosen by the newlyweds from your wedding coordinator.<\/li>\n<\/ul>\n<p>Note that for Sikh weddings, it is possible to have a Sikh (priest) celebrant for the occasion. Remember that to get the service of a Sikh lender, you need to budget $ 3,000 more.<\/p>\n<p>&nbsp;<\/p>\n<p>[\/et_pb_text][\/et_pb_column][\/et_pb_row][\/et_pb_section][et_pb_section bb_built=&#8221;1&#8243; specialty=&#8221;off&#8221; prev_background_color=&#8221;#ffffff&#8221; next_background_color=&#8221;#ffffff&#8221; _builder_version=&#8221;3.10&#8243; background_image=&#8221;https:\/\/mariage-sud.com\/wp-content\/uploads\/2018\/09\/Shaadi-wedding-destination.jpg&#8221; parallax=&#8221;on&#8221;][et_pb_row _builder_version=&#8221;3.10&#8243; padding_top_1=&#8221;50px&#8221; padding_bottom_1=&#8221;50px&#8221;][et_pb_column type=&#8221;4_4&#8243;][et_pb_cta button_text=&#8221;Schedule a consultation with an Indian marriage specialist&#8221; use_background_color=&#8221;off&#8221; background_color=&#8221;#ba6300&#8243; use_border_color=&#8221;off&#8221; custom_button=&#8221;on&#8221; button_url=&#8221;https:\/\/mariage-sud.com\/en\/contact\/&#8221; custom_css_main_element=&#8221;text-align: center;&#8221; header_font_size_tablet=&#8221;24&#8243; header_font_size_phone=&#8221;21&#8243; header_font_size_last_edited=&#8221;on|desktop&#8221; custom_padding_tablet=&#8221;4%|0px|4%|0px&#8221; custom_padding_last_edited=&#8221;on|desktop&#8221; button_border_width=&#8221;0&#8243; header_text_color=&#8221;#ffffff&#8221; header_font=&#8221;|on|||&#8221; header_font_size=&#8221;28&#8243; custom_css_promo_title=&#8221;padding-bottom: 0px;&#8221; button_text_color_hover=&#8221;#a79877&#8243; button_text_color=&#8221;#ffffff&#8221; button_bg_color=&#8221;#ff4e50&#8243; button_bg_color_hover=&#8221;#ffffff&#8221; button_text_size=&#8221;22&#8243; background_position=&#8221;top_left&#8221; background_repeat=&#8221;repeat&#8221; background_size=&#8221;initial&#8221; _builder_version=&#8221;3.10&#8243; saved_tabs=&#8221;all&#8221; \/][\/et_pb_column][\/et_pb_row][\/et_pb_section][et_pb_section bb_built=&#8221;1&#8243; fullwidth=&#8221;off&#8221; specialty=&#8221;off&#8221; prev_background_color=&#8221;#000000&#8243;][et_pb_row][et_pb_column type=&#8221;4_4&#8243;][et_pb_image _builder_version=&#8221;3.10&#8243; src=&#8221;https:\/\/mariage-sud.com\/wp-content\/uploads\/2018\/09\/Hindu-destinattion-wedding.jpg&#8221; custom_padding=&#8221;10px|||&#8221; \/][et_pb_image _builder_version=&#8221;3.10&#8243; src=&#8221;https:\/\/mariage-sud.com\/wp-content\/uploads\/2018\/09\/wedding-package-indian-weddinf-shaadi.jpg&#8221; custom_padding=&#8221;10px|||&#8221; \/][\/et_pb_column][\/et_pb_row][\/et_pb_section]<\/p>\n","protected":false},"excerpt":{"rendered":"<p><div class=\"et_pb_row et_pb_row_0 et_pb_row_empty\">\n\t\t\t\t\n\t\t\t\t\n\t\t\t\t\n\t\t\t\t\n\t\t\t\t\n\t\t\t<\/div> Hindu Wedding at Am Resort Hotels &nbsp; The hotel chain AM Resorts offers you its Shaadi wedding package in its following hotels: &nbsp; Secrets Maroma Beach Riviera Cancun Riviera Cancun Resort and Spa Dreams Tulum Resort and Spa Now Sapphire Riviera Cancun &nbsp; The Shaadi package includes 6 days of events. For a 6-day [&hellip;]<\/p>\n","protected":false},"author":6,"featured_media":0,"parent":0,"menu_order":0,"comment_status":"closed","ping_status":"closed","template":"","meta":{"_et_pb_use_builder":"on","_et_pb_old_content":"","_et_gb_content_width":"","footnotes":""},"class_list":["post-207927","page","type-page","status-publish","hentry"],"yoast_head":"<!-- This site is optimized with the Yoast SEO Premium plugin v27.4 (Yoast SEO v27.4) - https:\/\/yoast.com\/product\/yoast-seo-premium-wordpress\/ -->\n<title>Shaadi destination Wedding Am Resort | Mariage de type Shaadi au Mexique<\/title>\n<meta name=\"description\" content=\"AM Resorts Mariage Hindou La chaine hoteliere AM Resorts vous offre son forfait mariage Shaadi dans ses hotels. Un mariage dans le sud Indien ?\" \/>\n<meta name=\"robots\" content=\"index, follow, max-snippet:-1, max-image-preview:large, max-video-preview:-1\" \/>\n<link rel=\"canonical\" href=\"https:\/\/mariage-sud.com\/en\/hindu-destination-wedding\/\" \/>\n<meta property=\"og:locale\" content=\"en_US\" \/>\n<meta property=\"og:type\" content=\"article\" \/>\n<meta property=\"og:title\" content=\"Shaadi destination Wedding Am Resort\" \/>\n<meta property=\"og:description\" content=\"AM Resorts Mariage Hindou La chaine hoteliere AM Resorts vous offre son forfait mariage Shaadi dans ses hotels. Un mariage dans le sud Indien ?\" \/>\n<meta property=\"og:url\" content=\"https:\/\/mariage-sud.com\/en\/hindu-destination-wedding\/\" \/>\n<meta property=\"og:site_name\" content=\"[:fr]Mariage Sud agence de voyages[:en]South Wedding destination events travel agency\" \/>\n<meta property=\"article:publisher\" content=\"https:\/\/www.facebook.com\/Mariagesud\/\" \/>\n<meta property=\"article:modified_time\" content=\"2018-09-03T19:18:40+00:00\" \/>\n<meta name=\"twitter:card\" content=\"summary_large_image\" \/>\n<meta name=\"twitter:label1\" content=\"Est. reading time\" \/>\n\t<meta name=\"twitter:data1\" content=\"4 minutes\" \/>\n<script type=\"application\/ld+json\" class=\"yoast-schema-graph\">{\"@context\":\"https:\\\/\\\/schema.org\",\"@graph\":[{\"@type\":\"WebPage\",\"@id\":\"https:\\\/\\\/mariage-sud.com\\\/en\\\/hindu-destination-wedding\\\/\",\"url\":\"https:\\\/\\\/mariage-sud.com\\\/en\\\/hindu-destination-wedding\\\/\",\"name\":\"Shaadi destination Wedding Am Resort | Mariage de type Shaadi au Mexique\",\"isPartOf\":{\"@id\":\"https:\\\/\\\/mariage-sud.com\\\/#website\"},\"datePublished\":\"2018-03-05T00:36:14+00:00\",\"dateModified\":\"2018-09-03T19:18:40+00:00\",\"description\":\"AM Resorts Mariage Hindou La chaine hoteliere AM Resorts vous offre son forfait mariage Shaadi dans ses hotels. Un mariage dans le sud Indien ?\",\"breadcrumb\":{\"@id\":\"https:\\\/\\\/mariage-sud.com\\\/en\\\/hindu-destination-wedding\\\/#breadcrumb\"},\"inLanguage\":\"en-US\",\"potentialAction\":[{\"@type\":\"ReadAction\",\"target\":[\"https:\\\/\\\/mariage-sud.com\\\/en\\\/hindu-destination-wedding\\\/\"]}]},{\"@type\":\"BreadcrumbList\",\"@id\":\"https:\\\/\\\/mariage-sud.com\\\/en\\\/hindu-destination-wedding\\\/#breadcrumb\",\"itemListElement\":[{\"@type\":\"ListItem\",\"position\":1,\"name\":\"Home\",\"item\":\"https:\\\/\\\/mariage-sud.com\\\/en\\\/\"},{\"@type\":\"ListItem\",\"position\":2,\"name\":\"Shaadi destination Wedding Am Resort\"}]},{\"@type\":\"WebSite\",\"@id\":\"https:\\\/\\\/mariage-sud.com\\\/#website\",\"url\":\"https:\\\/\\\/mariage-sud.com\\\/\",\"name\":\"[:fr]Mariage Sud agence de voyages[:en]South Wedding destination events travel agency\",\"description\":\"[:fr]Mariage Sud organisation de mariage dans le sud[:en]Destination weddings travel agency quebec\",\"publisher\":{\"@id\":\"https:\\\/\\\/mariage-sud.com\\\/#organization\"},\"alternateName\":\"Agence Mariage Sud\",\"potentialAction\":[{\"@type\":\"SearchAction\",\"target\":{\"@type\":\"EntryPoint\",\"urlTemplate\":\"https:\\\/\\\/mariage-sud.com\\\/?s={search_term_string}\"},\"query-input\":{\"@type\":\"PropertyValueSpecification\",\"valueRequired\":true,\"valueName\":\"search_term_string\"}}],\"inLanguage\":\"en-US\"},{\"@type\":\"Organization\",\"@id\":\"https:\\\/\\\/mariage-sud.com\\\/#organization\",\"name\":\"Mariage dans le sud\",\"alternateName\":\"Agence Mariage Sud\",\"url\":\"https:\\\/\\\/mariage-sud.com\\\/\",\"logo\":{\"@type\":\"ImageObject\",\"inLanguage\":\"en-US\",\"@id\":\"https:\\\/\\\/mariage-sud.com\\\/#\\\/schema\\\/logo\\\/image\\\/\",\"url\":\"https:\\\/\\\/mariage-sud.com\\\/wp-content\\\/uploads\\\/2018\\\/04\\\/LogoMariageSud_1000pxX360px_Clear.png\",\"contentUrl\":\"https:\\\/\\\/mariage-sud.com\\\/wp-content\\\/uploads\\\/2018\\\/04\\\/LogoMariageSud_1000pxX360px_Clear.png\",\"width\":1000,\"height\":360,\"caption\":\"Mariage dans le sud\"},\"image\":{\"@id\":\"https:\\\/\\\/mariage-sud.com\\\/#\\\/schema\\\/logo\\\/image\\\/\"},\"sameAs\":[\"https:\\\/\\\/www.facebook.com\\\/Mariagesud\\\/\"]}]}<\/script>\n<!-- \/ Yoast SEO Premium plugin. -->","yoast_head_json":{"title":"Shaadi destination Wedding Am Resort | Mariage de type Shaadi au Mexique","description":"AM Resorts Mariage Hindou La chaine hoteliere AM Resorts vous offre son forfait mariage Shaadi dans ses hotels. Un mariage dans le sud Indien ?","robots":{"index":"index","follow":"follow","max-snippet":"max-snippet:-1","max-image-preview":"max-image-preview:large","max-video-preview":"max-video-preview:-1"},"canonical":"https:\/\/mariage-sud.com\/en\/hindu-destination-wedding\/","og_locale":"en_US","og_type":"article","og_title":"Shaadi destination Wedding Am Resort","og_description":"AM Resorts Mariage Hindou La chaine hoteliere AM Resorts vous offre son forfait mariage Shaadi dans ses hotels. Un mariage dans le sud Indien ?","og_url":"https:\/\/mariage-sud.com\/en\/hindu-destination-wedding\/","og_site_name":"[:fr]Mariage Sud agence de voyages[:en]South Wedding destination events travel agency","article_publisher":"https:\/\/www.facebook.com\/Mariagesud\/","article_modified_time":"2018-09-03T19:18:40+00:00","twitter_card":"summary_large_image","twitter_misc":{"Est. reading time":"4 minutes"},"schema":{"@context":"https:\/\/schema.org","@graph":[{"@type":"WebPage","@id":"https:\/\/mariage-sud.com\/en\/hindu-destination-wedding\/","url":"https:\/\/mariage-sud.com\/en\/hindu-destination-wedding\/","name":"Shaadi destination Wedding Am Resort | Mariage de type Shaadi au Mexique","isPartOf":{"@id":"https:\/\/mariage-sud.com\/#website"},"datePublished":"2018-03-05T00:36:14+00:00","dateModified":"2018-09-03T19:18:40+00:00","description":"AM Resorts Mariage Hindou La chaine hoteliere AM Resorts vous offre son forfait mariage Shaadi dans ses hotels. Un mariage dans le sud Indien ?","breadcrumb":{"@id":"https:\/\/mariage-sud.com\/en\/hindu-destination-wedding\/#breadcrumb"},"inLanguage":"en-US","potentialAction":[{"@type":"ReadAction","target":["https:\/\/mariage-sud.com\/en\/hindu-destination-wedding\/"]}]},{"@type":"BreadcrumbList","@id":"https:\/\/mariage-sud.com\/en\/hindu-destination-wedding\/#breadcrumb","itemListElement":[{"@type":"ListItem","position":1,"name":"Home","item":"https:\/\/mariage-sud.com\/en\/"},{"@type":"ListItem","position":2,"name":"Shaadi destination Wedding Am Resort"}]},{"@type":"WebSite","@id":"https:\/\/mariage-sud.com\/#website","url":"https:\/\/mariage-sud.com\/","name":"[:fr]Mariage Sud agence de voyages[:en]South Wedding destination events travel agency","description":"[:fr]Mariage Sud organisation de mariage dans le sud[:en]Destination weddings travel agency quebec","publisher":{"@id":"https:\/\/mariage-sud.com\/#organization"},"alternateName":"Agence Mariage Sud","potentialAction":[{"@type":"SearchAction","target":{"@type":"EntryPoint","urlTemplate":"https:\/\/mariage-sud.com\/?s={search_term_string}"},"query-input":{"@type":"PropertyValueSpecification","valueRequired":true,"valueName":"search_term_string"}}],"inLanguage":"en-US"},{"@type":"Organization","@id":"https:\/\/mariage-sud.com\/#organization","name":"Mariage dans le sud","alternateName":"Agence Mariage Sud","url":"https:\/\/mariage-sud.com\/","logo":{"@type":"ImageObject","inLanguage":"en-US","@id":"https:\/\/mariage-sud.com\/#\/schema\/logo\/image\/","url":"https:\/\/mariage-sud.com\/wp-content\/uploads\/2018\/04\/LogoMariageSud_1000pxX360px_Clear.png","contentUrl":"https:\/\/mariage-sud.com\/wp-content\/uploads\/2018\/04\/LogoMariageSud_1000pxX360px_Clear.png","width":1000,"height":360,"caption":"Mariage dans le sud"},"image":{"@id":"https:\/\/mariage-sud.com\/#\/schema\/logo\/image\/"},"sameAs":["https:\/\/www.facebook.com\/Mariagesud\/"]}]}},"_links":{"self":[{"href":"https:\/\/mariage-sud.com\/en\/wp-json\/wp\/v2\/pages\/207927","targetHints":{"allow":["GET"]}}],"collection":[{"href":"https:\/\/mariage-sud.com\/en\/wp-json\/wp\/v2\/pages"}],"about":[{"href":"https:\/\/mariage-sud.com\/en\/wp-json\/wp\/v2\/types\/page"}],"author":[{"embeddable":true,"href":"https:\/\/mariage-sud.com\/en\/wp-json\/wp\/v2\/users\/6"}],"replies":[{"embeddable":true,"href":"https:\/\/mariage-sud.com\/en\/wp-json\/wp\/v2\/comments?post=207927"}],"version-history":[{"count":0,"href":"https:\/\/mariage-sud.com\/en\/wp-json\/wp\/v2\/pages\/207927\/revisions"}],"wp:attachment":[{"href":"https:\/\/mariage-sud.com\/en\/wp-json\/wp\/v2\/media?parent=207927"}],"curies":[{"name":"wp","href":"https:\/\/api.w.org\/{rel}","templated":true}]}}